{"id":2539,"date":"2023-09-29T07:55:26","date_gmt":"2023-09-29T05:55:26","guid":{"rendered":"https:\/\/coris.isciii.es\/?page_id=2539"},"modified":"2025-11-27T11:12:21","modified_gmt":"2025-11-27T10:12:21","slug":"for-coris-cohort-and-hiv-biobank-publications","status":"publish","type":"page","link":"https:\/\/coris.isciii.es\/en\/for-coris-cohort-and-hiv-biobank-publications\/","title":{"rendered":"For CoRIS cohort and HIV BioBank publications"},"content":{"rendered":"<ul>\n<li>\n<h3><strong><em>Authors<\/em><\/strong><\/h3>\n<\/li>\n<\/ul>\n<p>X, Y, Z, and CoRIS cohort.<\/p>\n<ul>\n<li>\n<h3><strong><em>Financial support<\/em><\/strong><\/h3>\n<\/li>\n<\/ul>\n<p>The HIV BioBank is supported by Instituto de Salud Carlos III (PT20\/00138) and Networking Research Center on Bioengineering, Biomaterials and Nanomedicine, CIBER-BBN (CB22\/01\/00041).<\/p>\n<p>CoRIS cohort is supported by CIBER &#8211; Consorcio Centro de Investigaci\u00f3n Biom\u00e9dica en Red- (CB21\/13\/00091), Instituto de Salud Carlos III, Ministerio de Ciencia e Innovaci\u00f3n and Uni\u00f3n Europea \u2013 NextGenerationEU.<\/p>\n<ul>\n<li>\n<h3><strong><em>Centres and investigators involved in CoRIS cohort and <\/em><\/strong><strong><em>HIV BioBank<\/em><\/strong><strong><em> are<\/em><\/strong><strong><em> listed <\/em><\/strong><strong><em>below<\/em><\/strong><\/h3>\n<\/li>\n<\/ul>\n<p><strong><em>CoRIS Executive committee:<\/em><\/strong><\/p>\n<p>Santiago Moreno, Inma Jarr\u00edn, David Dalmau, M Luisa Navarro, Federico Garcia, Eva Poveda, Jose Antonio Iribarren, F\u00e9lix Guti\u00e9rrez, Francesc Vidal, Juan Berenguer, Juan Gonz\u00e1lez.<\/p>\n<p><strong><em>Centres and investigators involved in CoRIS cohort are<\/em><\/strong><strong><em> listed <\/em><\/strong><strong><em>below:<\/em><\/strong><\/p>\n<p><strong><u>CoRIS Coordination Unit<\/u><\/strong><\/p>\n<p>Inma Jarr\u00edn, Cristina Moreno, Marta Rava, Rebeca Izquierdo, Cristina Marco-S\u00e1nchez, Teresa G\u00f3mez-Garc\u00eda.<\/p>\n<p><strong><u>BioBanK HIV Hospital General Universitario Gregorio Mara\u00f1\u00f3n<\/u><\/strong><\/p>\n<p>Jos\u00e9 Luis Jim\u00e9nez.<\/p>\n<p><strong><u>Hospital General Universitario Dr Balmis (Alicante)<\/u><\/strong><\/p>\n<p>Sergio Reus, Irene Portilla, Esperanza Merino, Gema Garc\u00eda, Jos\u00e9 S\u00e1nchez-Pay\u00e1, Juan Carlos Rodr\u00edguez, Livia Giner, Joaqu\u00edn Portilla, Vicente Boix, Diego Torrus, Julia Portilla-Tamarit, H\u00e9ctor Pinargote.<\/p>\n<p><strong><u>Hospital Universitario de Canarias (San Crist\u00f3bal de la Laguna)<\/u><\/strong><\/p>\n<p>Mar\u00eda Remedios Alem\u00e1n, Nereyda Tosco-Garc\u00eda, Ana L\u00f3pez Lirola, D\u00e1cil Garc\u00eda, Felicitas D\u00edaz-Flores, Mar\u00eda del Mar Alonso, Ricardo Pelazas, Mar\u00eda Inmaculada Hern\u00e1ndez, Lucia Romero-Acevedo, Abraham Bethencourt-Padilla, Daniel Rodr\u00edguez-D\u00edaz, Ana Mar\u00eda Godoy-Reyes.<\/p>\n<p><strong><u>Hospital Universitario Central de Asturias (Oviedo)<\/u><\/strong><\/p>\n<p>V\u00edctor Asensi, Rebeca Cabo Magadan, Lorena Fern\u00e1ndez, Javier D\u00edaz-Arias<\/p>\n<p><strong><u>Hospital Universitario 12 de Octubre (Madrid)<\/u><\/strong><\/p>\n<p>Federico Pulido, Rafael Rubio, M Asunci\u00f3n Hernando, Otilia Bisbal, David Rial-Crestelo, Mar\u00eda de Lagarde, Laura Bermejo, Mireia Santacreu, Juan Mart\u00edn Torres, Bel\u00e9n S\u00e1nchez-L\u00f3pez.<\/p>\n<p><strong><u>Servicio de Enfermedades Infecciosas. Hospital Universitario Donostia. Instituto de Investigaci\u00f3n Sanitaria BioGipuzkoa (Donostia-San Sebasti\u00e1n)<\/u><\/strong><\/p>\n<p>Jos\u00e9 Antonio Iribarren, Xabier Kortajarena, Claudia Nevado Pav\u00f3n, Xabier Camino, Miguel \u00c1ngel Goenaga, M Jes\u00fas Bustinduy, Harkaitz Azkune, Maialen Ibarguren, Ignacio \u00c1lvarez-Rodriguez, Leire Gil-Alonso, Francisco Carmona-Torre, Ana Bayona Carlos, Maialen Lekuona Sanz, Leire Balerdi Sarasola, Ander Goyache Moreno.<\/p>\n<p><strong><u>Hospital General Universitario De Elche (Elche)<\/u><\/strong><\/p>\n<p>F\u00e9lix Guti\u00e9rrez, Catalina Robledano, Mar Masi\u00e1, Sergio Padilla, Rafael Pascual, Marta Fern\u00e1ndez, Antonio Galiana, Jos\u00e9 Alberto Garc\u00eda, Xavier Barber, Javier Garc\u00eda Abell\u00e1n, Guillermo Telenti, \u00c1ngela Botella, Paula Mascarell, Lidia Garc\u00eda-S\u00e1nchez, Nuria Ena, Leandro L\u00f3pez, Jennifer Vallejo, Nieves Gonzalo-Jim\u00e9nez, Montserrat Ruiz, Christian Ledesma, Santiago L\u00f3pez, Mar\u00eda Espinosa-P\u00e9rez, Ana Quiles, Mar\u00eda del Mar Alcalde-Encinas, Jos\u00e9 Garc\u00eda-Garc\u00eda, Rosario Hern\u00e1ndez-Ros, Jos\u00e9 Carlos Escribano, Marouane Menchi-Elanci, Mar\u00eda del Mar Garc\u00eda Navarro, Melissa Bello P\u00e9rez.<\/p>\n<p><strong><u>Hospital General Universitario Gregorio Mara\u00f1\u00f3n (Madrid)<\/u><\/strong><\/p>\n<p>Cristina Diez, Isabel Guti\u00e9rrez, Juan Berenguer, Margarita Ram\u00edrez, Teresa Aldamiz-Echevarr\u00eda, Francisco Tejerina, Leire P\u00e9rez-Latorre, Chiara Fanciulli, Saray Corral.<\/p>\n<p><strong><u>Hospital Universitari de Tarragona Joan XXIII (Tarragona)<\/u><\/strong><\/p>\n<p>Joaquim Peraire, Anna Rull, Anna Mart\u00ed, Consuelo Vilad\u00e9s, Beatriz Villar, Llu\u00efsa Guillem, Silvia Chafino, Marina Flores, Francesc Vidal.<\/p>\n<p><strong><u>Hospital Universitario y Polit\u00e9cnico de La Fe (Valencia)<\/u><\/strong><\/p>\n<p>Marta Montero-Alonso, Mar\u00eda Tasias-Pitarch, Eva Calabuig-Mu\u00f1oz, Miguel Salavert-Llet\u00ed, Juan Fern\u00e1ndez-Navarro, Rosa Blanes-Hern\u00e1ndez, Jennifer S\u00e1nchez-Guevara.<\/p>\n<p><strong><u>Hospital Universitario La Paz\/IdiPAZ (Madrid)<\/u><\/strong><\/p>\n<p>Juan Gonz\u00e1lez-Garc\u00eda, Jos\u00e9 Ignacio Bernardino, Ana Delgado-Hierro, Jos\u00e9 Ram\u00f3n Arribas, V\u00edctor Arribas, Juan Miguel Castro, Luis Escosa, Iker Falces, Pedro Herranz-Pinto, Alicia Gonz\u00e1lez-Baeza, Mar\u00eda Luz Mart\u00edn-Carbonero, Rafael Mic\u00e1n, Roc\u00edo Montejano, Mar\u00eda Luisa Montes, Luis Ramos-Ruperto, Berta Rod\u00e9s Soldevila, Talia Sainz, Elena Sendagorta, Carmen Busca, Joanna Cano-Smith, Rosa de Miguel, Mar\u00eda del Mar Arcos-Rueda, Alejandro de Gea-Grela, Nerea Iniesta-Arandia, Alejandro D\u00edez-Vidal, Mar\u00eda Jes\u00fas Rold\u00e1n-Cabrales, Carlos O\u00f1oro-L\u00f3pez, Jara Llenas Garc\u00eda, Laura Luc\u00eda Checa Daimiel.<\/p>\n<p><strong><u>Hospital Universitari Mutua Terrassa (Terrassa)<\/u><\/strong><\/p>\n<p>David Dalmau, Marina Martinez, Angels Ja\u00e9n, Mireia Cair\u00f3, Javier Martinez-Lacasa, Roser Font, Laura Gisbert.<\/p>\n<p><strong><u>Hospital Universitario de La Princesa (Madrid)<\/u><\/strong><\/p>\n<p>Ignacio de los Santos, Alejandro de los Santos, Lucio Garc\u00eda-Fraile, Enrique Mart\u00edn-Gayo, Ildefonso S\u00e1nchez-Cerrillo, \u00c1ngela Guti\u00e9rrez, Carmen S\u00e1ez, Ana Barrios Blandino, Azucena Bautista, Marianela Ciudad, Mar\u00eda Aguilera Garc\u00eda, Violeta Samp\u00e9riz Rubio, Javier P\u00e9rez Serrano, Isabel Belmonte Mart\u00edn de Santa Olalla.<\/p>\n<p><strong><u>Hospital Universitario Ram\u00f3n y Cajal (Madrid)<\/u><\/strong><\/p>\n<p>Santiago Moreno, Santos del Campo, Jos\u00e9 Luis Casado, Fernando Dronda, Ana Moreno, Mar\u00eda Jes\u00fas P\u00e9rez-El\u00edas, Sergio Serrano-Villar, Mar\u00eda Jes\u00fas Vivancos-Gallego, Javier Mart\u00ednez-Sanz, Alejandro Vallejo Tiller, Matilde S\u00e1nchez-Conde, Jos\u00e9 Antonio P\u00e9rez-Molina, Jos\u00e9 Manuel Hermida, Erick De La Torre Tarazona, Elena Moreno del Olmo, Laura Mart\u00edn Pedraza, Claudio D\u00edaz Garc\u00eda, Jorge D\u00edaz \u00c1lvarez, Alejandro Garc\u00eda-Garc\u00eda, Raquel Ron-Gonz\u00e1lez, Sergio Calder\u00f3n Vicente, Roser Navarro Soler, Sara Saiz-Baggetto, Ana del Amo-de Palacios, Laura Luna, Miguel Ant\u00f3n \u00c1mez Segovia, Sara Mart\u00edn Colmenarejo, Cristina Chica.<\/p>\n<p><strong><u>Hospital General Universitario Reina Sof\u00eda (Murcia)<\/u><\/strong><\/p>\n<p>Enrique Bernal, Mar\u00eda Dolores Hern\u00e1ndez, Antonia Alcaraz, Joaqu\u00edn Bravo, \u00c1ngeles Mu\u00f1oz P\u00e9rez, Cristina Tom\u00e1s Jimenez, Salvador Valero Cifuentes, Eva Garc\u00eda-Villalba, Rom\u00e1n Gonz\u00e1lez Hip\u00f3lito, Elena Guijarro-Westermeyer, Rodrigo Mart\u00ednez-Rodr\u00edguez, Jos\u00e9 Miguel G\u00f3mez Verd\u00fa.<\/p>\n<p><strong><u>Hospital Universitario Cl\u00ednico San Cecilio (Granada)<\/u><\/strong><\/p>\n<p>Federico Garc\u00eda, Clara Mart\u00ednez, Maite Laperal, Leopoldo Mu\u00f1oz Medina, Marta \u00c1lvarez-Estevez, Natalia Chueca-Porcuna, David Vinuesa-Garc\u00eda, Adolfo de Salazar-Gonz\u00e1lez, Ana Fuentes-L\u00f3pez, Emilio Guirao, Andr\u00e9s Ruiz-Sancho, Francisco Anguita, Naya Faro, Lucia Chaves, Marta Illescas, Paloma Mu\u00f1oz-Baez, Luc\u00eda P\u00e9rez, Ana Alberola Romano, Alberto Vazquez Blanqui\u00f1o, Luc\u00eda Guill\u00e9n-Zafra, Javier Mart\u00ednez de Victoria-Carazo.<\/p>\n<p><strong><u>Centro Sanitario Sandoval (Madrid)<\/u><\/strong><\/p>\n<p>Jorge Del Romero-Guerrero, Montserrat Raposo, Teresa Puerta-L\u00f3pez, Mar Vera, Juan Ballesteros, Bego\u00f1a Baza, Laura Dans Vill\u00e1n, Ruben Linares Navarro, Ines Armenteros Yeguas, Eva Orviz-Garc\u00eda, Santiago Fern\u00e1ndez Castelao.<\/p>\n<p><strong><u>Hospital Universitario Son Espases (Palma de Mallorca)<\/u><\/strong><\/p>\n<p>Melchor Riera, Antonio Vanrell, Mar\u00eda Pe\u00f1aranda, M\u00aa Angels Ribas, Antoni A. Campins, Mercedes Garcia-Gasalla, Francisco J Fanjul, Javier Murillas-Angoiti, Luisa Martin-Pena, Francisca Artigues, Sophia Pinecki, Adri\u00e1n Ferre.<\/p>\n<p><strong><u>Hospital Universitario Virgen de la Victoria (M\u00e1laga)<\/u><\/strong><\/p>\n<p>Jes\u00fas Santos, Mar\u00eda L\u00f3pez-J\u00f3dar, Cristina G\u00f3mez-Ayerbe, Isabel Viciana, Rosario Palacios.<\/p>\n<p><strong><u>Hospital Universitario Virgen del Roc\u00edo (Sevilla)<\/u><\/strong><\/p>\n<p>Luis Fernando L\u00f3pez-Cort\u00e9s, Silvia Llaves-Flores, Inmaculada Rivas Jerem\u00edas, Nuria Espinosa, Cristina Roca-Oporto, Marta Herreros-Romero, C\u00e9sar Sotomayor de la Piedra, Abraham Saborido Alconchel, Manuel Francisco Liroa, Jes\u00fas Fern\u00e1ndez Plaza.<\/p>\n<p><strong><u>Hospital Universitario de Bellvitge (Hospitalet de Llobregat)<\/u><\/strong><\/p>\n<p>Juan Manuel Tiraboschi, Arkaitz Imaz, Mar\u00eda Saumoy, Analuz Fernandez, Jaime Vega Costa, Daniel Medina Gamito.<\/p>\n<p><strong><u>Hospital Costa del Sol (Marbella)<\/u><\/strong><\/p>\n<p>Juli\u00e1n Olalla, Javier P\u00e9rez, Alfonso del Arco, Javier de la Torre, Francisca Ruiz.<\/p>\n<p><strong><u>Hospital General Universitario Santa Luc\u00eda (Cartagena)<\/u><\/strong><\/p>\n<p>Onofre Juan Mart\u00ednez, Lorena Martinez, Francisco Jes\u00fas Vera, Josefina Garc\u00eda, Bego\u00f1a Alcaraz, Sergio Guill\u00e9n Mart\u00ednez, Patricia Carles Garc\u00eda.<\/p>\n<p><strong><u>Complejo Hospitalario Universitario a Coru\u00f1a (CHUAC) (A Coru\u00f1a)<\/u><\/strong><\/p>\n<p>\u00c1lvaro Mena, Berta Pernas, Pilar V\u00e1zquez, Soledad L\u00f3pez, Brais Castelo.<\/p>\n<p><strong><u>Hospital Universitario Virgen de la Arrixaca (El Palmar)<\/u><\/strong><\/p>\n<p>Carlos Galera, Marian Fern\u00e1ndez, Helena Albendin, Antonia Castillo, Asunci\u00f3n Iborra, Antonio Moreno, M Angustias Merlos, Almudena Ortu\u00f1o.<\/p>\n<p><strong><u>Hospital Universitario Infanta Sof\u00eda (San Sebasti\u00e1n de los Reyes)<\/u><\/strong><\/p>\n<p>In\u00e9s Suarez-Garc\u00eda, Eduardo Malmierca, Patricia Gonz\u00e1lez-Ruano, M Pilar Ruiz, Luz Balsalobre, \u00c1ngela Somodevilla, Rebeca Fuerte Mart\u00ednez.<\/p>\n<p><strong><u>Hospital Cl\u00ednico San Carlos (Madrid)<\/u><\/strong><\/p>\n<p>Vicente Estrada, Nieves Sanz, Noem\u00ed Cabello-Clotet, Mar\u00eda Jos\u00e9 N\u00fa\u00f1ez, Ana Mu\u00f1oz, Juncal P\u00e9rez-Somarriba, Reynaldo Homen, Rafael Rubio-Mart\u00edn, Susana Olmedo, Julia Barrado.<\/p>\n<p><strong><u>Hospital Universitario Pr\u00edncipe de Asturias (Alcal\u00e1 de Henares)<\/u><\/strong><\/p>\n<p>Jos\u00e9 Sanz, Cristina Hern\u00e1ndez-Guti\u00e9rrez, Mar\u00eda Novella-Mena.<\/p>\n<p><strong><u>Hospital Cl\u00ednico Universitario de Valencia (Valencia)<\/u><\/strong><\/p>\n<p>Mar\u00eda Jos\u00e9 Galindo, Sandra P\u00e9rez G\u00f3mez, Ana Ferrer, Ana\u00eds Corma G\u00f3mez.<\/p>\n<p><strong><u>Hospital Reina Sof\u00eda (C\u00f3rdoba)<\/u><\/strong><\/p>\n<p>Antonio Rivero-Rom\u00e1n, Laura Ruiz-Torres, Antonio Rivero-Ju\u00e1rez, Pedro L\u00f3pez-L\u00f3pez, Mario Frias-Casas, \u00c1ngela Camacho, Ignacio P\u00e9rez, Diana Corona, Javier Manuel Caballero, Marina Gallo Mar\u00edn, Mar\u00eda Casares, Luc\u00eda R\u00edos-Mu\u00f1oz, Claudia Ferreira-Tata, Mar\u00eda Carrasquilla.<\/p>\n<p><strong><u>Hospital Universitario Severo Ochoa (Legan\u00e9s)<\/u><\/strong><\/p>\n<p>Rafael Rodr\u00edguez-Rosado Martinez-Echevarr\u00eda.<\/p>\n<p><strong><u>Hospital Universitario Virgen de Valme (Sevilla)<\/u><\/strong><\/p>\n<p>Juan Mac\u00edas S\u00e1nchez, Pilar Rinc\u00f3n, Luis Miguel Real, J\u00e9sica Mart\u00edn-Carmona.<\/p>\n<p><strong><u>Hospital \u00c1lvaro Cunqueiro (Vigo)<\/u><\/strong><\/p>\n<p>Eva Poveda, Alexandre P\u00e9rez, Luis Morano, Celia Miralles, Antonio Ocampo, Jacobo Alonso, In\u00e9s Mart\u00ednez, Aida L\u00f3pez-L\u00f3pez.<\/p>\n<p><strong><u>Hospital Universitario Marqu\u00e9s de Valdecilla (Santander)<\/u><\/strong><\/p>\n<p>M Carmen Fari\u00f1as \u00c1lvarez, Claudia Gonz\u00e1lez Rico, Noelia Ruiz Alonso, Carlos Armi\u00f1anzas Castillo, Francisco Arnaiz de las Revillas Almajano, Manuel Guti\u00e9rrez Cuadra, Ra\u00fal Parra Fari\u00f1as, Paula Runza Buznego, Aitziber Illaro Uranga.<\/p>\n<p><strong><u>Hospital Cl\u00ednic de Barcelona (Barcelona)<\/u><\/strong><\/p>\n<p>Jos\u00e9 Luis Blanco Ar\u00e9valo, Pilar Callau Cabrera, Josep Mallolas Masferrer, Jos\u00e9 Alcam\u00ed Pertejo, Sonsoles S\u00e1nchez-Palomino, N\u00faria Climent, Ana Gonz\u00e1lez-Cord\u00f3n, Montse Laguno Centeno, Mar\u00eda Mart\u00ednez-Rebollar, Juan Ambrosioni, Berta Torres, Lorena de la Mora, Alexy Inciarte, Esteban Mart\u00ednez, Jos\u00e9 Mar\u00eda Mir\u00f3, Abiu Sempere, Julia Calvo, Iv\u00e1n Chivite, David Garc\u00eda, Alberto Foncillas, Daniela Malano, Montse Plana, Roger Llobet, Estela Solbes, Octavi Roman, Rona Sagarra, Vanesa Guilera, Gemma Olmeda, Paula Arreba, Mar\u00eda Jos\u00e9 Rodr\u00edguez, Emma Fern\u00e1ndez, Ana Rodr\u00edguez, Alba ortega, Sergi Anguera, Raquel Aguil\u00f3, Laura Novell.<\/p>\n<p><strong><u>Centro Nacional de Microbiolog\u00eda (Majadahonda)<\/u><\/strong><\/p>\n<p>Luis Miguel Bedoya Del Olmo, Manuela Beltran Vicente, Mercedes Bermejo Herrero, Maria Esther Calonge Errejon, Laura Capa Mu\u00f1oz, Maria Teresa Coiras Lopez, Francisco Diez Fuertes, Javier Garcia Perez, Nuria Gonzalez Fernandez, Elena Mateos De Las Moreras, Maria Teresa Perez Olmeda, Victor Sanchez Merino, Maria Eloisa Yuste Herranz.<\/p>\n<p><strong><u>Centro Nacional de Biotecnolog\u00eda. Consejo Superior de Investigaciones Cient\u00edficas (CSIC) (Madrid)<\/u><\/strong><\/p>\n<p>Carmen Elena Gomez Rodriguez, Juan Francisco Garcia Arriaza, Laura Sin Diaz, Beatriz Perdiguero de la Torre, Laura Marcos Villar, Patricia Perez Ramirez, Enrique Alvarez Coru\u00f1a, David Astorgano Lopez, Cristina Sanchez Corzo.<\/p>\n<p style=\"text-align: right;\"><strong>Version October 202<\/strong><strong>5<\/strong><\/p>","protected":false},"excerpt":{"rendered":"<p>Authors X, Y, Z, and CoRIS cohort. Financial support The HIV BioBank is supported by Instituto de Salud Carlos III (PT20\/00138) and Networking Research Center on Bioengineering, Biomaterials and Nanomedicine, CIBER-BBN (CB22\/01\/00041). CoRIS cohort is supported by CIBER &#8211; Consorcio Centro de Investigaci\u00f3n Biom\u00e9dica en Red- (CB21\/13\/00091), Instituto de Salud Carlos III, Ministerio de Ciencia [&hellip;]<\/p>\n","protected":false},"author":10,"featured_media":0,"parent":0,"menu_order":5,"comment_status":"closed","ping_status":"closed","template":"","meta":{"_acf_changed":false,"footnotes":""},"class_list":["post-2539","page","type-page","status-publish","hentry"],"acf":[],"yoast_head":"<!-- This site is optimized with the Yoast SEO plugin v27.4 - https:\/\/yoast.com\/product\/yoast-seo-wordpress\/ -->\n<title>For CoRIS cohort and HIV BioBank publications - CoRIS<\/title>\n<meta name=\"robots\" content=\"index, follow, max-snippet:-1, max-image-preview:large, max-video-preview:-1\" \/>\n<link rel=\"canonical\" href=\"https:\/\/coris.isciii.es\/en\/for-coris-cohort-and-hiv-biobank-publications\/\" \/>\n<meta property=\"og:locale\" content=\"en_US\" \/>\n<meta property=\"og:type\" content=\"article\" \/>\n<meta property=\"og:title\" content=\"For CoRIS cohort and HIV BioBank publications - CoRIS\" \/>\n<meta property=\"og:description\" content=\"Authors X, Y, Z, and CoRIS cohort. Financial support The HIV BioBank is supported by Instituto de Salud Carlos III (PT20\/00138) and Networking Research Center on Bioengineering, Biomaterials and Nanomedicine, CIBER-BBN (CB22\/01\/00041). CoRIS cohort is supported by CIBER &#8211; Consorcio Centro de Investigaci\u00f3n Biom\u00e9dica en Red- (CB21\/13\/00091), Instituto de Salud Carlos III, Ministerio de Ciencia [&hellip;]\" \/>\n<meta property=\"og:url\" content=\"https:\/\/coris.isciii.es\/en\/for-coris-cohort-and-hiv-biobank-publications\/\" \/>\n<meta property=\"og:site_name\" content=\"CoRIS\" \/>\n<meta property=\"article:modified_time\" content=\"2025-11-27T10:12:21+00:00\" \/>\n<meta name=\"twitter:card\" content=\"summary_large_image\" \/>\n<meta name=\"twitter:label1\" content=\"Est. reading time\" \/>\n\t<meta name=\"twitter:data1\" content=\"7 minutes\" \/>\n<script type=\"application\/ld+json\" class=\"yoast-schema-graph\">{\"@context\":\"https:\\\/\\\/schema.org\",\"@graph\":[{\"@type\":\"WebPage\",\"@id\":\"https:\\\/\\\/coris.isciii.es\\\/for-coris-cohort-and-hiv-biobank-publications\\\/\",\"url\":\"https:\\\/\\\/coris.isciii.es\\\/for-coris-cohort-and-hiv-biobank-publications\\\/\",\"name\":\"For CoRIS cohort and HIV BioBank publications - CoRIS\",\"isPartOf\":{\"@id\":\"https:\\\/\\\/coris.isciii.es\\\/#website\"},\"datePublished\":\"2023-09-29T05:55:26+00:00\",\"dateModified\":\"2025-11-27T10:12:21+00:00\",\"breadcrumb\":{\"@id\":\"https:\\\/\\\/coris.isciii.es\\\/for-coris-cohort-and-hiv-biobank-publications\\\/#breadcrumb\"},\"inLanguage\":\"en-US\",\"potentialAction\":[{\"@type\":\"ReadAction\",\"target\":[\"https:\\\/\\\/coris.isciii.es\\\/for-coris-cohort-and-hiv-biobank-publications\\\/\"]}]},{\"@type\":\"BreadcrumbList\",\"@id\":\"https:\\\/\\\/coris.isciii.es\\\/for-coris-cohort-and-hiv-biobank-publications\\\/#breadcrumb\",\"itemListElement\":[{\"@type\":\"ListItem\",\"position\":1,\"name\":\"Portada\",\"item\":\"https:\\\/\\\/coris.isciii.es\\\/\"},{\"@type\":\"ListItem\",\"position\":2,\"name\":\"For CoRIS cohort and HIV BioBank publications\"}]},{\"@type\":\"WebSite\",\"@id\":\"https:\\\/\\\/coris.isciii.es\\\/#website\",\"url\":\"https:\\\/\\\/coris.isciii.es\\\/\",\"name\":\"CoRIS\",\"description\":\"\",\"potentialAction\":[{\"@type\":\"SearchAction\",\"target\":{\"@type\":\"EntryPoint\",\"urlTemplate\":\"https:\\\/\\\/coris.isciii.es\\\/?s={search_term_string}\"},\"query-input\":{\"@type\":\"PropertyValueSpecification\",\"valueRequired\":true,\"valueName\":\"search_term_string\"}}],\"inLanguage\":\"en-US\"}]}<\/script>\n<!-- \/ Yoast SEO plugin. -->","yoast_head_json":{"title":"For CoRIS cohort and HIV BioBank publications - CoRIS","robots":{"index":"index","follow":"follow","max-snippet":"max-snippet:-1","max-image-preview":"max-image-preview:large","max-video-preview":"max-video-preview:-1"},"canonical":"https:\/\/coris.isciii.es\/en\/for-coris-cohort-and-hiv-biobank-publications\/","og_locale":"en_US","og_type":"article","og_title":"For CoRIS cohort and HIV BioBank publications - CoRIS","og_description":"Authors X, Y, Z, and CoRIS cohort. Financial support The HIV BioBank is supported by Instituto de Salud Carlos III (PT20\/00138) and Networking Research Center on Bioengineering, Biomaterials and Nanomedicine, CIBER-BBN (CB22\/01\/00041). CoRIS cohort is supported by CIBER &#8211; Consorcio Centro de Investigaci\u00f3n Biom\u00e9dica en Red- (CB21\/13\/00091), Instituto de Salud Carlos III, Ministerio de Ciencia [&hellip;]","og_url":"https:\/\/coris.isciii.es\/en\/for-coris-cohort-and-hiv-biobank-publications\/","og_site_name":"CoRIS","article_modified_time":"2025-11-27T10:12:21+00:00","twitter_card":"summary_large_image","twitter_misc":{"Est. reading time":"7 minutes"},"schema":{"@context":"https:\/\/schema.org","@graph":[{"@type":"WebPage","@id":"https:\/\/coris.isciii.es\/for-coris-cohort-and-hiv-biobank-publications\/","url":"https:\/\/coris.isciii.es\/for-coris-cohort-and-hiv-biobank-publications\/","name":"For CoRIS cohort and HIV BioBank publications - CoRIS","isPartOf":{"@id":"https:\/\/coris.isciii.es\/#website"},"datePublished":"2023-09-29T05:55:26+00:00","dateModified":"2025-11-27T10:12:21+00:00","breadcrumb":{"@id":"https:\/\/coris.isciii.es\/for-coris-cohort-and-hiv-biobank-publications\/#breadcrumb"},"inLanguage":"en-US","potentialAction":[{"@type":"ReadAction","target":["https:\/\/coris.isciii.es\/for-coris-cohort-and-hiv-biobank-publications\/"]}]},{"@type":"BreadcrumbList","@id":"https:\/\/coris.isciii.es\/for-coris-cohort-and-hiv-biobank-publications\/#breadcrumb","itemListElement":[{"@type":"ListItem","position":1,"name":"Portada","item":"https:\/\/coris.isciii.es\/"},{"@type":"ListItem","position":2,"name":"For CoRIS cohort and HIV BioBank publications"}]},{"@type":"WebSite","@id":"https:\/\/coris.isciii.es\/#website","url":"https:\/\/coris.isciii.es\/","name":"CoRIS","description":"","potentialAction":[{"@type":"SearchAction","target":{"@type":"EntryPoint","urlTemplate":"https:\/\/coris.isciii.es\/?s={search_term_string}"},"query-input":{"@type":"PropertyValueSpecification","valueRequired":true,"valueName":"search_term_string"}}],"inLanguage":"en-US"}]}},"_links":{"self":[{"href":"https:\/\/coris.isciii.es\/en\/wp-json\/wp\/v2\/pages\/2539","targetHints":{"allow":["GET"]}}],"collection":[{"href":"https:\/\/coris.isciii.es\/en\/wp-json\/wp\/v2\/pages"}],"about":[{"href":"https:\/\/coris.isciii.es\/en\/wp-json\/wp\/v2\/types\/page"}],"author":[{"embeddable":true,"href":"https:\/\/coris.isciii.es\/en\/wp-json\/wp\/v2\/users\/10"}],"replies":[{"embeddable":true,"href":"https:\/\/coris.isciii.es\/en\/wp-json\/wp\/v2\/comments?post=2539"}],"version-history":[{"count":27,"href":"https:\/\/coris.isciii.es\/en\/wp-json\/wp\/v2\/pages\/2539\/revisions"}],"predecessor-version":[{"id":3165,"href":"https:\/\/coris.isciii.es\/en\/wp-json\/wp\/v2\/pages\/2539\/revisions\/3165"}],"wp:attachment":[{"href":"https:\/\/coris.isciii.es\/en\/wp-json\/wp\/v2\/media?parent=2539"}],"curies":[{"name":"wp","href":"https:\/\/api.w.org\/{rel}","templated":true}]}}