{"id":3028,"date":"2025-09-15T13:09:25","date_gmt":"2025-09-15T11:09:25","guid":{"rendered":"https:\/\/coris.isciii.es\/?page_id=3028"},"modified":"2025-09-26T08:49:48","modified_gmt":"2025-09-26T06:49:48","slug":"procedimiento-de-asignacion-de-autorias-de-rotacion","status":"publish","type":"page","link":"https:\/\/coris.isciii.es\/en\/investigadores\/procedimiento-de-asignacion-de-autorias-de-rotacion\/","title":{"rendered":"Procedure for assigning authorship of rotations"},"content":{"rendered":"<p>The CoRIS Coordination Unit has a procedure, approved by the CoRIS Executive Committee, for assigning authorship rotation in articles and abstracts produced using CoRIS data and Biobank samples. This procedure is based on objective criteria that assess the contribution of centres in sending data and samples, and seeks to ensure fairness and transparency in participation in scientific publications.<\/p>\n<p><a href=\"https:\/\/coris.isciii.es\/wp-content\/uploads\/2025\/09\/Nuevo_Procedimiento_AsignacionAutorias_CoRISyBiobanco.pdf\" target=\"_blank\" rel=\"noopener\">Download authorship assignment procedure (PDF)<\/a><\/p>","protected":false},"excerpt":{"rendered":"<p>La Unidad de Coordinaci\u00f3n de CoRIS dispone de un procedimiento, aprobado por el Comit\u00e9 Ejecutivo de CoRIS, para la asignaci\u00f3n de autor\u00edas de rotaci\u00f3n en art\u00edculos y abstracts realizados con datos de CoRIS y muestras del Biobanco. Este procedimiento se basa en criterios objetivos que valoran la contribuci\u00f3n de los centros en el env\u00edo de [&hellip;]<\/p>\n","protected":false},"author":4,"featured_media":0,"parent":27,"menu_order":3,"comment_status":"closed","ping_status":"closed","template":"","meta":{"_acf_changed":false,"footnotes":""},"class_list":["post-3028","page","type-page","status-publish","hentry"],"acf":[],"yoast_head":"<!-- This site is optimized with the Yoast SEO plugin v27.4 - https:\/\/yoast.com\/product\/yoast-seo-wordpress\/ -->\n<title>Procedimiento de asignaci\u00f3n de autor\u00edas de rotaci\u00f3n - CoRIS<\/title>\n<meta name=\"robots\" content=\"index, follow, max-snippet:-1, max-image-preview:large, max-video-preview:-1\" \/>\n<link rel=\"canonical\" href=\"https:\/\/coris.isciii.es\/en\/investigadores\/procedimiento-de-asignacion-de-autorias-de-rotacion\/\" \/>\n<meta property=\"og:locale\" content=\"en_US\" \/>\n<meta property=\"og:type\" content=\"article\" \/>\n<meta property=\"og:title\" content=\"Procedimiento de asignaci\u00f3n de autor\u00edas de rotaci\u00f3n - CoRIS\" \/>\n<meta property=\"og:description\" content=\"La Unidad de Coordinaci\u00f3n de CoRIS dispone de un procedimiento, aprobado por el Comit\u00e9 Ejecutivo de CoRIS, para la asignaci\u00f3n de autor\u00edas de rotaci\u00f3n en art\u00edculos y abstracts realizados con datos de CoRIS y muestras del Biobanco. Este procedimiento se basa en criterios objetivos que valoran la contribuci\u00f3n de los centros en el env\u00edo de [&hellip;]\" \/>\n<meta property=\"og:url\" content=\"https:\/\/coris.isciii.es\/en\/investigadores\/procedimiento-de-asignacion-de-autorias-de-rotacion\/\" \/>\n<meta property=\"og:site_name\" content=\"CoRIS\" \/>\n<meta property=\"article:modified_time\" content=\"2025-09-26T06:49:48+00:00\" \/>\n<meta name=\"twitter:card\" content=\"summary_large_image\" \/>\n<meta name=\"twitter:label1\" content=\"Est. reading time\" \/>\n\t<meta name=\"twitter:data1\" content=\"1 minute\" \/>\n<script type=\"application\/ld+json\" class=\"yoast-schema-graph\">{\"@context\":\"https:\\\/\\\/schema.org\",\"@graph\":[{\"@type\":\"WebPage\",\"@id\":\"https:\\\/\\\/coris.isciii.es\\\/investigadores\\\/procedimiento-de-asignacion-de-autorias-de-rotacion\\\/\",\"url\":\"https:\\\/\\\/coris.isciii.es\\\/investigadores\\\/procedimiento-de-asignacion-de-autorias-de-rotacion\\\/\",\"name\":\"Procedimiento de asignaci\u00f3n de autor\u00edas de rotaci\u00f3n - CoRIS\",\"isPartOf\":{\"@id\":\"https:\\\/\\\/coris.isciii.es\\\/#website\"},\"datePublished\":\"2025-09-15T11:09:25+00:00\",\"dateModified\":\"2025-09-26T06:49:48+00:00\",\"breadcrumb\":{\"@id\":\"https:\\\/\\\/coris.isciii.es\\\/investigadores\\\/procedimiento-de-asignacion-de-autorias-de-rotacion\\\/#breadcrumb\"},\"inLanguage\":\"en-US\",\"potentialAction\":[{\"@type\":\"ReadAction\",\"target\":[\"https:\\\/\\\/coris.isciii.es\\\/investigadores\\\/procedimiento-de-asignacion-de-autorias-de-rotacion\\\/\"]}]},{\"@type\":\"BreadcrumbList\",\"@id\":\"https:\\\/\\\/coris.isciii.es\\\/investigadores\\\/procedimiento-de-asignacion-de-autorias-de-rotacion\\\/#breadcrumb\",\"itemListElement\":[{\"@type\":\"ListItem\",\"position\":1,\"name\":\"Portada\",\"item\":\"https:\\\/\\\/coris.isciii.es\\\/\"},{\"@type\":\"ListItem\",\"position\":2,\"name\":\"Investigadores\",\"item\":\"https:\\\/\\\/coris.isciii.es\\\/investigadores\\\/\"},{\"@type\":\"ListItem\",\"position\":3,\"name\":\"Procedimiento de asignaci\u00f3n de autor\u00edas de rotaci\u00f3n\"}]},{\"@type\":\"WebSite\",\"@id\":\"https:\\\/\\\/coris.isciii.es\\\/#website\",\"url\":\"https:\\\/\\\/coris.isciii.es\\\/\",\"name\":\"CoRIS\",\"description\":\"\",\"potentialAction\":[{\"@type\":\"SearchAction\",\"target\":{\"@type\":\"EntryPoint\",\"urlTemplate\":\"https:\\\/\\\/coris.isciii.es\\\/?s={search_term_string}\"},\"query-input\":{\"@type\":\"PropertyValueSpecification\",\"valueRequired\":true,\"valueName\":\"search_term_string\"}}],\"inLanguage\":\"en-US\"}]}<\/script>\n<!-- \/ Yoast SEO plugin. -->","yoast_head_json":{"title":"Procedimiento de asignaci\u00f3n de autor\u00edas de rotaci\u00f3n - CoRIS","robots":{"index":"index","follow":"follow","max-snippet":"max-snippet:-1","max-image-preview":"max-image-preview:large","max-video-preview":"max-video-preview:-1"},"canonical":"https:\/\/coris.isciii.es\/en\/investigadores\/procedimiento-de-asignacion-de-autorias-de-rotacion\/","og_locale":"en_US","og_type":"article","og_title":"Procedimiento de asignaci\u00f3n de autor\u00edas de rotaci\u00f3n - CoRIS","og_description":"La Unidad de Coordinaci\u00f3n de CoRIS dispone de un procedimiento, aprobado por el Comit\u00e9 Ejecutivo de CoRIS, para la asignaci\u00f3n de autor\u00edas de rotaci\u00f3n en art\u00edculos y abstracts realizados con datos de CoRIS y muestras del Biobanco. Este procedimiento se basa en criterios objetivos que valoran la contribuci\u00f3n de los centros en el env\u00edo de [&hellip;]","og_url":"https:\/\/coris.isciii.es\/en\/investigadores\/procedimiento-de-asignacion-de-autorias-de-rotacion\/","og_site_name":"CoRIS","article_modified_time":"2025-09-26T06:49:48+00:00","twitter_card":"summary_large_image","twitter_misc":{"Est. reading time":"1 minute"},"schema":{"@context":"https:\/\/schema.org","@graph":[{"@type":"WebPage","@id":"https:\/\/coris.isciii.es\/investigadores\/procedimiento-de-asignacion-de-autorias-de-rotacion\/","url":"https:\/\/coris.isciii.es\/investigadores\/procedimiento-de-asignacion-de-autorias-de-rotacion\/","name":"Procedimiento de asignaci\u00f3n de autor\u00edas de rotaci\u00f3n - CoRIS","isPartOf":{"@id":"https:\/\/coris.isciii.es\/#website"},"datePublished":"2025-09-15T11:09:25+00:00","dateModified":"2025-09-26T06:49:48+00:00","breadcrumb":{"@id":"https:\/\/coris.isciii.es\/investigadores\/procedimiento-de-asignacion-de-autorias-de-rotacion\/#breadcrumb"},"inLanguage":"en-US","potentialAction":[{"@type":"ReadAction","target":["https:\/\/coris.isciii.es\/investigadores\/procedimiento-de-asignacion-de-autorias-de-rotacion\/"]}]},{"@type":"BreadcrumbList","@id":"https:\/\/coris.isciii.es\/investigadores\/procedimiento-de-asignacion-de-autorias-de-rotacion\/#breadcrumb","itemListElement":[{"@type":"ListItem","position":1,"name":"Portada","item":"https:\/\/coris.isciii.es\/"},{"@type":"ListItem","position":2,"name":"Investigadores","item":"https:\/\/coris.isciii.es\/investigadores\/"},{"@type":"ListItem","position":3,"name":"Procedimiento de asignaci\u00f3n de autor\u00edas de rotaci\u00f3n"}]},{"@type":"WebSite","@id":"https:\/\/coris.isciii.es\/#website","url":"https:\/\/coris.isciii.es\/","name":"CoRIS","description":"","potentialAction":[{"@type":"SearchAction","target":{"@type":"EntryPoint","urlTemplate":"https:\/\/coris.isciii.es\/?s={search_term_string}"},"query-input":{"@type":"PropertyValueSpecification","valueRequired":true,"valueName":"search_term_string"}}],"inLanguage":"en-US"}]}},"_links":{"self":[{"href":"https:\/\/coris.isciii.es\/en\/wp-json\/wp\/v2\/pages\/3028","targetHints":{"allow":["GET"]}}],"collection":[{"href":"https:\/\/coris.isciii.es\/en\/wp-json\/wp\/v2\/pages"}],"about":[{"href":"https:\/\/coris.isciii.es\/en\/wp-json\/wp\/v2\/types\/page"}],"author":[{"embeddable":true,"href":"https:\/\/coris.isciii.es\/en\/wp-json\/wp\/v2\/users\/4"}],"replies":[{"embeddable":true,"href":"https:\/\/coris.isciii.es\/en\/wp-json\/wp\/v2\/comments?post=3028"}],"version-history":[{"count":4,"href":"https:\/\/coris.isciii.es\/en\/wp-json\/wp\/v2\/pages\/3028\/revisions"}],"predecessor-version":[{"id":3083,"href":"https:\/\/coris.isciii.es\/en\/wp-json\/wp\/v2\/pages\/3028\/revisions\/3083"}],"up":[{"embeddable":true,"href":"https:\/\/coris.isciii.es\/en\/wp-json\/wp\/v2\/pages\/27"}],"wp:attachment":[{"href":"https:\/\/coris.isciii.es\/en\/wp-json\/wp\/v2\/media?parent=3028"}],"curies":[{"name":"wp","href":"https:\/\/api.w.org\/{rel}","templated":true}]}}