{"id":56,"date":"2021-03-19T06:48:14","date_gmt":"2021-03-19T06:48:14","guid":{"rendered":"https:\/\/coris.isciii.es\/?page_id=56"},"modified":"2025-07-15T13:11:56","modified_gmt":"2025-07-15T11:11:56","slug":"aviso-legal","status":"publish","type":"page","link":"https:\/\/coris.isciii.es\/en\/aviso-legal\/","title":{"rendered":"Legal Notice"},"content":{"rendered":"<p><strong>\u00a0<\/strong><strong>Titularidad de la p\u00e1gina web<\/strong>.<\/p>\n<p>El nombre del dominio\u00a0<a href=\"http:\/\/coris.isciii.es\/en\/\">coris.isciii.es<\/a>, est\u00e1 registrado a favor del INSTITUTO DE SALUD CARLOS III, O.A., M.P., (en adelante \u201cEl Responsable de Tratamiento\u201d, \u201cel Responsable\u201d o \u201cel ISCIII\u201d), con C.I.F. Q-2827015-E, organismo p\u00fablico de investigaci\u00f3n, adscrito al Ministerio de Ciencia, Innovaci\u00f3n y Universidades, Avenida Monforte de Lemos, 5, Madrid.<\/p>\n<p>El acceso y navegaci\u00f3n por este sitio web implica la adquisici\u00f3n de la condici\u00f3n de usuario del mismo, y el conocimiento y aceptaci\u00f3n sin reservas de los t\u00e9rminos y condiciones en \u00e9l incluidas. En caso de no aceptar lo establecido en el presente Aviso Legal, el usuario deber\u00e1 abstenerse de utilizar los servicios y\/o contenidos puestos a su disposici\u00f3n en este sitio web.<\/p>\n<p><strong>T\u00e9rminos y Condiciones del sitio web<\/strong><\/p>\n<p>El ISCIII ofrece este sitio web sujeto a los presentes T\u00e9rminos y Condiciones. El acceso y navegaci\u00f3n a este sitio web por parte del Usuario es de car\u00e1cter voluntario, e implica aceptar y conocer las advertencias legales, condiciones y t\u00e9rminos de uso contenidos en el mismo. El mero acceso no implica el establecimiento de ning\u00fan tipo de relaci\u00f3n comercial, profesional o de servicios entre ISCIII y el usuario. Para el acceso al sitio web no se requerir\u00e1 el registro de los Usuarios.<\/p>\n<p>ISCIII pone a disposici\u00f3n de los usuarios, contenidos \u00fanica y exclusivamente destinados para mayores de 18 a\u00f1os. Los contenidos y servicios incluidos y ofrecidos en este sitio web, no est\u00e1n dirigidos a personas residentes en jurisdicciones donde no se encuentren autorizados.<\/p>\n<p>El presente aviso establecido por el ISCIII podr\u00e1 sufrir modificaciones de cualquier tipo, cuando el ISCIII lo considere oportuno. Estas modificaciones ser\u00e1n v\u00e1lidas desde su publicaci\u00f3n en el sitio web, salvo manifestaci\u00f3n en contrario. En consecuencia, el usuario debe leer atentamente el presente Aviso Legal en cada una de las ocasiones en que acceda a este sitio web.<\/p>\n<p>Asimismo, el ISCIII se reserva el derecho de suspender, interrumpir o dejar de operar el sitio web cuando lo considere preciso.<\/p>\n<p>Se proh\u00edbe el uso de los contenidos de este sitio web para promocionar, contratar o divulgar publicidad o informaci\u00f3n propia o de terceras personas sin la autorizaci\u00f3n del ISCIII.<\/p>\n<p>Los enlaces que terceros incorporen en sus p\u00e1ginas web dirigidos a este sitio web no deber\u00e1n incluir directa o indirectamente, indicaciones falsas, inexactas o confusas, ni incurrir en acciones desleales o il\u00edcitas en contra del ISCIII.<\/p>\n<p>El Usuario se obliga al uso exclusivo de <a href=\"https:\/\/coris.isciii.es\/en\/\">coris.isciii.es<\/a> y todos sus contenidos, para fines l\u00edcitos y no prohibidos, que no infrinjan la legalidad vigente y\/o puedan resultar lesivos de los derechos leg\u00edtimos del ISCIII y\/o que puedan causar cualquier da\u00f1o o perjuicio de forma directa o indirecta.<\/p>\n<p>A tal efecto, el Usuario se abstendr\u00e1 de utilizar cualquiera de los contenidos de la p\u00e1gina web con fines o efectos il\u00edcitos, prohibidos en el presente Aviso, lesivos de los derechos e intereses de terceros o que, de cualquier forma, puedan da\u00f1ar, inutilizar, sobrecargar, deteriorar o impedir la normal utilizaci\u00f3n de la web, los equipos inform\u00e1ticos o los documentos, archivos y toda clase de contenidos almacenados en cualquier equipo inform\u00e1tico (hacking) del ISCIII, de otros Usuarios o de cualquier usuario de Internet (hardware y software).<\/p>\n<p>En particular, y a t\u00edtulo meramente indicativo y no exhaustivo, el Usuario se compromete a\u00a0no transmitir, difundir o poner a disposici\u00f3n de terceros informaciones, datos, contenidos, mensajes, gr\u00e1ficos, dibujos, archivos de sonido y\/o imagen, fotograf\u00edas, grabaciones, software y, en general,\u00a0cualquier clase de material que:<\/p>\n<ul>\n<li>de cualquier forma, sea contrario, menosprecie o atente contra los derechos fundamentales y las libertades p\u00fablicas reconocidas constitucionalmente, en los Tratados internacionales y en el resto de la legislaci\u00f3n;<\/li>\n<li>induzca, incite o promueva actuaciones delictivas, denigratorias, difamatorias, infamantes, violentas o, en general, contrarias a la ley, a la moral y buenas costumbres generalmente aceptadas o al orden p\u00fablico;<\/li>\n<li>induzca, incite o promueva actuaciones, actitudes o pensamientos discriminatorios por raz\u00f3n de sexo, raza, religi\u00f3n, creencias, edad o condici\u00f3n;<\/li>\n<li>incorpore, ponga a disposici\u00f3n o permita acceder a productos, elementos, mensajes y\/o servicios delictivos, violentos, ofensivos, nocivos, degradantes o, en general, contrarios a la ley, a la moral y a las buenas costumbres generalmente aceptadas o al orden p\u00fablico;<\/li>\n<li>sea falso, ambiguo, inexacto, exagerado o extempor\u00e1neo, de forma que induzca o pueda inducir a error sobre su objeto o sobre las intenciones o prop\u00f3sitos del comunicante;<\/li>\n<li>se encuentre protegido por cualesquiera derechos de propiedad intelectual o industrial pertenecientes a terceros, sin que el Usuario haya obtenido previamente de sus titulares la autorizaci\u00f3n necesaria para llevar a cabo el uso que efect\u00faa o pretende efectuar;<\/li>\n<li>viole los secretos empresariales de terceros;<\/li>\n<li>sea contrario al derecho al honor, a la intimidad personal y familiar o a la propia imagen de las personas;<\/li>\n<li>de cualquier manera, menoscabe el cr\u00e9dito del ISCIII o de terceros;<\/li>\n<li>infrinja la normativa sobre secreto de las comunicaciones;<\/li>\n<li>constituya, en su caso, publicidad il\u00edcita, enga\u00f1osa o desleal y, en general, que constituya competencia desleal;<\/li>\n<li>incorpore virus u otros elementos f\u00edsicos o electr\u00f3nicos que puedan da\u00f1ar o impedir el normal funcionamiento de la red, del sistema o de equipos inform\u00e1ticos (hardware y software) del ISCIII a o de terceros o que puedan da\u00f1ar los documentos electr\u00f3nicos y archivos almacenados en dichos equipos inform\u00e1ticos;<\/li>\n<li>provoque por sus caracter\u00edsticas (tales como formato, extensi\u00f3n, etc.) dificultades en el normal funcionamiento de la web;<\/li>\n<\/ul>\n<p>De conformidad con lo dispuesto anteriormente, el Usuario se compromete a utilizar los contenidos puestos a su disposici\u00f3n en el sitio web, entendiendo por estos (sin que esta enumeraci\u00f3n tenga car\u00e1cter limitativo), los textos, fotograf\u00edas, gr\u00e1ficos, im\u00e1genes, iconos, tecnolog\u00eda, software, links y dem\u00e1s contenidos audiovisuales o sonoros, as\u00ed como su dise\u00f1o gr\u00e1fico y c\u00f3digos fuente (en adelante, los \u00abContenidos\u00bb), de conformidad con la regulaci\u00f3n vigente, el presente Aviso, los dem\u00e1s avisos, reglamentos de uso e instrucciones puestos en su conocimiento, as\u00ed como con la moral y las buenas costumbres generalmente aceptadas y el orden p\u00fablico, y, en particular,\u00a0se compromete a abstenerse de: reproducir, copiar, distribuir, poner a disposici\u00f3n o de cualquier otra forma comunicar p\u00fablicamente, transformar o modificar los Contenidos, a menos que se cuente con la autorizaci\u00f3n del titular de los correspondientes derechos o ello resulte legalmente permitido; suprimir, manipular o de cualquier forma alterar el \u00abcopyright\u00bb y dem\u00e1s datos identificativos de la reserva de derechos del ISCIII.<\/p>\n<p>El Usuario deber\u00e1 abstenerse de obtener e incluso de intentar obtener los Contenidos empleando para ello medios o procedimientos distintos de los que, seg\u00fan los casos, se hayan puesto a su disposici\u00f3n a este efecto o se hayan indicado a este efecto en la p\u00e1gina web donde se encuentren los Contenidos o, en general, de los que se empleen habitualmente en Internet a este efecto siempre que no entra\u00f1en un riesgo de da\u00f1o o inutilizaci\u00f3n del sitio web y\/o de los Contenidos.<\/p>\n<p><strong>Propiedad intelectual e industrial de la web<\/strong>.<\/p>\n<p>Todos los derechos de propiedad intelectual e industrial del contenido de esta p\u00e1gina web, as\u00ed como su dise\u00f1o gr\u00e1fico son propiedad exclusiva del ISCIII, a quien le corresponde el ejercicio exclusivo de los derechos de explotaci\u00f3n de los mismos.<\/p>\n<p>Por lo tanto, queda prohibida su reproducci\u00f3n, distribuci\u00f3n, comunicaci\u00f3n p\u00fablica y transformaci\u00f3n, total o parcial, sin la autorizaci\u00f3n expresa del ISCIII. Igualmente, todos los signos distintivos, marcas, nombres comerciales o signos de cualquier clase, contenidos en estas p\u00e1ginas web est\u00e1n protegidos por ley.<\/p>\n<p>El usuario deber\u00e1 respetar en todo momento todos los derechos de propiedad intelectual e industrial sobre los rese\u00f1ados sitios web.<\/p>\n<p><strong>Responsabilidad <\/strong><\/p>\n<p>Toda persona que acceda al sitio web <a href=\"https:\/\/coris.isciii.es\/en\/\">coris.isciii.es<\/a> asume el papel de usuario, comprometi\u00e9ndose a la observancia y cumplimiento riguroso de las disposiciones aqu\u00ed dispuestas, as\u00ed como a cualquier otra disposici\u00f3n legal que fuera de aplicaci\u00f3n.<\/p>\n<p>Todas aquellas personas f\u00edsicas o jur\u00eddicas residentes o domiciliadas en otros pa\u00edses de la Uni\u00f3n Europea o fuera de la Uni\u00f3n Europea deber\u00e1n asegurarse de que el acceso y uso del sitio web y\/o de su contenido les est\u00e1 permitido de conformidad con su propia legislaci\u00f3n.<\/p>\n<p>El ISCIII no se responsabiliza del mal uso que se realice de los contenidos de su p\u00e1gina web, siendo exclusiva responsabilidad de la persona que accede a ellos y\/o los utiliza. Tampoco asume ninguna responsabilidad por la informaci\u00f3n contenida en las p\u00e1ginas web de terceros a las que se pueda acceder a trav\u00e9s de enlaces desde la p\u00e1gina \u00a0\u00a0\u00a0<a href=\"https:\/\/coris.isciii.es\/en\/\">coris.isciii.es<\/a>. La presencia de estos enlaces tiene una finalidad informativa, no constituyendo en ning\u00fan caso una invitaci\u00f3n a la contrataci\u00f3n de servicios que se ofrezcan en la p\u00e1gina web de destino.<\/p>\n<p>En caso de que el ISCIII tenga conocimiento efectivo que la actividad o la informaci\u00f3n que se remite desde estos enlaces es il\u00edcita, constitutiva de delito o pueda lesionar bienes o derechos de terceros susceptibles de indemnizaci\u00f3n, actuar\u00e1 con la diligencia necesaria para suprimir o inutilizar el enlace correspondiente con la mayor brevedad posible.<\/p>\n<p>El ISCIII se exime de cualquier tipo de responsabilidad derivada de la falta de disponibilidad de este sitio web por cualquier causa.<\/p>\n<p>El ISCIII no tiene obligaci\u00f3n de controlar y no controla la utilizaci\u00f3n que los usuarios hacen del sitio web ni de sus contenidos, y en consecuencia no se responsabiliza del mal uso que los usuarios pudiesen hacer de este sitio web.<\/p>\n<p>El uso de este sitio web por menores de edad tiene que haber sido previamente autorizado por sus padres, tutores o representantes legales, ya que tienen la consideraci\u00f3n de responsables de los actos que realicen los menores a su cargo.<\/p>\n<p><strong>Actualizaci\u00f3n y modificaci\u00f3n web<\/strong>.<\/p>\n<p>El ISCIII se reserva el derecho de actualizar, modificar o eliminar la informaci\u00f3n contenida en la p\u00e1gina web, as\u00ed como su configuraci\u00f3n o presentaci\u00f3n en cualquier momento, sin previo aviso y sin asumir ninguna responsabilidad para hacerlo.<\/p>\n<p><strong>Indicaciones sobre aspectos t\u00e9cnicos.<\/strong><\/p>\n<p>El ISCIII no asume ninguna responsabilidad que se pueda derivar de problemas t\u00e9cnicos o errores en los equipos inform\u00e1ticos, no imputables al propietario del sitio web, que se produzcan durante la conexi\u00f3n en la red de Internet, o que puedan ser causados por terceras personas mediante intromisiones ileg\u00edtimas fuera de su control.<\/p>\n<p>Desde el ISCIII no se garantiza la ausencia de virus y de otros elementos que puedan causar da\u00f1os en los sistemas inform\u00e1ticos, en los documentos electr\u00f3nicos o en los ficheros de usuario de esta p\u00e1gina web o de p\u00e1ginas web de terceros, y, por lo tanto, no se responsabiliza de los perjuicios que se puedan producir por estas causas.<\/p>\n<p>Tambi\u00e9n queda exonerado de toda responsabilidad ante posibles da\u00f1os o perjuicios que pueda sufrir el usuario como consecuencia de errores, defectos u omisiones en la informaci\u00f3n que facilita cuando proceda de terceras fuentes.<\/p>\n<p><strong>Legislaci\u00f3n y jurisdicci\u00f3n aplicable<\/strong>.<\/p>\n<p>Con car\u00e1cter general, las relaciones con los usuarios que se deriven del acceso a los \u00a0servicios contenidos en esta p\u00e1gina web est\u00e1n sometidas a la legislaci\u00f3n y jurisdicci\u00f3n espa\u00f1ola. Para la resoluci\u00f3n de cualquier tipo de controversia, litigio o discrepancia que pudiera suscitarse entre el usuario y la empresa, por el uso de este sitio web, se acuerda el sometimiento de las mismas a mediaci\u00f3n, en su defecto a arbitraje y\/o a los Juzgados y Tribunales de Madrid, Espa\u00f1a.<\/p>\n<p>Los usuarios de esta p\u00e1gina web son conscientes de todo el expuesto y lo aceptan voluntariamente.<\/p>","protected":false},"excerpt":{"rendered":"<p>\u00a0Titularidad de la p\u00e1gina web. El nombre del dominio\u00a0coris.isciii.es, est\u00e1 registrado a favor del INSTITUTO DE SALUD CARLOS III, O.A., M.P., (en adelante \u201cEl Responsable de Tratamiento\u201d, \u201cel Responsable\u201d o \u201cel ISCIII\u201d), con C.I.F. Q-2827015-E, organismo p\u00fablico de investigaci\u00f3n, adscrito al Ministerio de Ciencia, Innovaci\u00f3n y Universidades, Avenida Monforte de Lemos, 5, Madrid. El acceso [&hellip;]<\/p>\n","protected":false},"author":1,"featured_media":0,"parent":0,"menu_order":28,"comment_status":"closed","ping_status":"closed","template":"","meta":{"_acf_changed":false,"footnotes":""},"class_list":["post-56","page","type-page","status-publish","hentry"],"acf":[],"yoast_head":"<!-- This site is optimized with the Yoast SEO plugin v27.4 - https:\/\/yoast.com\/product\/yoast-seo-wordpress\/ -->\n<title>Aviso legal - CoRIS<\/title>\n<meta name=\"robots\" content=\"index, follow, max-snippet:-1, max-image-preview:large, max-video-preview:-1\" \/>\n<link rel=\"canonical\" href=\"https:\/\/coris.isciii.es\/en\/aviso-legal\/\" \/>\n<meta property=\"og:locale\" content=\"en_US\" \/>\n<meta property=\"og:type\" content=\"article\" \/>\n<meta property=\"og:title\" content=\"Aviso legal - CoRIS\" \/>\n<meta property=\"og:description\" content=\"\u00a0Titularidad de la p\u00e1gina web. El nombre del dominio\u00a0coris.isciii.es, est\u00e1 registrado a favor del INSTITUTO DE SALUD CARLOS III, O.A., M.P., (en adelante \u201cEl Responsable de Tratamiento\u201d, \u201cel Responsable\u201d o \u201cel ISCIII\u201d), con C.I.F. Q-2827015-E, organismo p\u00fablico de investigaci\u00f3n, adscrito al Ministerio de Ciencia, Innovaci\u00f3n y Universidades, Avenida Monforte de Lemos, 5, Madrid. El acceso [&hellip;]\" \/>\n<meta property=\"og:url\" content=\"https:\/\/coris.isciii.es\/en\/aviso-legal\/\" \/>\n<meta property=\"og:site_name\" content=\"CoRIS\" \/>\n<meta property=\"article:modified_time\" content=\"2025-07-15T11:11:56+00:00\" \/>\n<meta name=\"twitter:card\" content=\"summary_large_image\" \/>\n<meta name=\"twitter:label1\" content=\"Est. reading time\" \/>\n\t<meta name=\"twitter:data1\" content=\"9 minutes\" \/>\n<script type=\"application\/ld+json\" class=\"yoast-schema-graph\">{\"@context\":\"https:\\\/\\\/schema.org\",\"@graph\":[{\"@type\":\"WebPage\",\"@id\":\"https:\\\/\\\/coris.isciii.es\\\/aviso-legal\\\/\",\"url\":\"https:\\\/\\\/coris.isciii.es\\\/aviso-legal\\\/\",\"name\":\"Aviso legal - CoRIS\",\"isPartOf\":{\"@id\":\"https:\\\/\\\/coris.isciii.es\\\/#website\"},\"datePublished\":\"2021-03-19T06:48:14+00:00\",\"dateModified\":\"2025-07-15T11:11:56+00:00\",\"breadcrumb\":{\"@id\":\"https:\\\/\\\/coris.isciii.es\\\/aviso-legal\\\/#breadcrumb\"},\"inLanguage\":\"en-US\",\"potentialAction\":[{\"@type\":\"ReadAction\",\"target\":[\"https:\\\/\\\/coris.isciii.es\\\/aviso-legal\\\/\"]}]},{\"@type\":\"BreadcrumbList\",\"@id\":\"https:\\\/\\\/coris.isciii.es\\\/aviso-legal\\\/#breadcrumb\",\"itemListElement\":[{\"@type\":\"ListItem\",\"position\":1,\"name\":\"Portada\",\"item\":\"https:\\\/\\\/coris.isciii.es\\\/\"},{\"@type\":\"ListItem\",\"position\":2,\"name\":\"Aviso legal\"}]},{\"@type\":\"WebSite\",\"@id\":\"https:\\\/\\\/coris.isciii.es\\\/#website\",\"url\":\"https:\\\/\\\/coris.isciii.es\\\/\",\"name\":\"CoRIS\",\"description\":\"\",\"potentialAction\":[{\"@type\":\"SearchAction\",\"target\":{\"@type\":\"EntryPoint\",\"urlTemplate\":\"https:\\\/\\\/coris.isciii.es\\\/?s={search_term_string}\"},\"query-input\":{\"@type\":\"PropertyValueSpecification\",\"valueRequired\":true,\"valueName\":\"search_term_string\"}}],\"inLanguage\":\"en-US\"}]}<\/script>\n<!-- \/ Yoast SEO plugin. -->","yoast_head_json":{"title":"Aviso legal - CoRIS","robots":{"index":"index","follow":"follow","max-snippet":"max-snippet:-1","max-image-preview":"max-image-preview:large","max-video-preview":"max-video-preview:-1"},"canonical":"https:\/\/coris.isciii.es\/en\/aviso-legal\/","og_locale":"en_US","og_type":"article","og_title":"Aviso legal - CoRIS","og_description":"\u00a0Titularidad de la p\u00e1gina web. El nombre del dominio\u00a0coris.isciii.es, est\u00e1 registrado a favor del INSTITUTO DE SALUD CARLOS III, O.A., M.P., (en adelante \u201cEl Responsable de Tratamiento\u201d, \u201cel Responsable\u201d o \u201cel ISCIII\u201d), con C.I.F. Q-2827015-E, organismo p\u00fablico de investigaci\u00f3n, adscrito al Ministerio de Ciencia, Innovaci\u00f3n y Universidades, Avenida Monforte de Lemos, 5, Madrid. El acceso [&hellip;]","og_url":"https:\/\/coris.isciii.es\/en\/aviso-legal\/","og_site_name":"CoRIS","article_modified_time":"2025-07-15T11:11:56+00:00","twitter_card":"summary_large_image","twitter_misc":{"Est. reading time":"9 minutes"},"schema":{"@context":"https:\/\/schema.org","@graph":[{"@type":"WebPage","@id":"https:\/\/coris.isciii.es\/aviso-legal\/","url":"https:\/\/coris.isciii.es\/aviso-legal\/","name":"Aviso legal - CoRIS","isPartOf":{"@id":"https:\/\/coris.isciii.es\/#website"},"datePublished":"2021-03-19T06:48:14+00:00","dateModified":"2025-07-15T11:11:56+00:00","breadcrumb":{"@id":"https:\/\/coris.isciii.es\/aviso-legal\/#breadcrumb"},"inLanguage":"en-US","potentialAction":[{"@type":"ReadAction","target":["https:\/\/coris.isciii.es\/aviso-legal\/"]}]},{"@type":"BreadcrumbList","@id":"https:\/\/coris.isciii.es\/aviso-legal\/#breadcrumb","itemListElement":[{"@type":"ListItem","position":1,"name":"Portada","item":"https:\/\/coris.isciii.es\/"},{"@type":"ListItem","position":2,"name":"Aviso legal"}]},{"@type":"WebSite","@id":"https:\/\/coris.isciii.es\/#website","url":"https:\/\/coris.isciii.es\/","name":"CoRIS","description":"","potentialAction":[{"@type":"SearchAction","target":{"@type":"EntryPoint","urlTemplate":"https:\/\/coris.isciii.es\/?s={search_term_string}"},"query-input":{"@type":"PropertyValueSpecification","valueRequired":true,"valueName":"search_term_string"}}],"inLanguage":"en-US"}]}},"_links":{"self":[{"href":"https:\/\/coris.isciii.es\/en\/wp-json\/wp\/v2\/pages\/56","targetHints":{"allow":["GET"]}}],"collection":[{"href":"https:\/\/coris.isciii.es\/en\/wp-json\/wp\/v2\/pages"}],"about":[{"href":"https:\/\/coris.isciii.es\/en\/wp-json\/wp\/v2\/types\/page"}],"author":[{"embeddable":true,"href":"https:\/\/coris.isciii.es\/en\/wp-json\/wp\/v2\/users\/1"}],"replies":[{"embeddable":true,"href":"https:\/\/coris.isciii.es\/en\/wp-json\/wp\/v2\/comments?post=56"}],"version-history":[{"count":9,"href":"https:\/\/coris.isciii.es\/en\/wp-json\/wp\/v2\/pages\/56\/revisions"}],"predecessor-version":[{"id":2979,"href":"https:\/\/coris.isciii.es\/en\/wp-json\/wp\/v2\/pages\/56\/revisions\/2979"}],"wp:attachment":[{"href":"https:\/\/coris.isciii.es\/en\/wp-json\/wp\/v2\/media?parent=56"}],"curies":[{"name":"wp","href":"https:\/\/api.w.org\/{rel}","templated":true}]}}