{"id":60,"date":"2021-03-19T06:48:50","date_gmt":"2021-03-19T06:48:50","guid":{"rendered":"https:\/\/coris.isciii.es\/?page_id=60"},"modified":"2026-04-08T09:43:33","modified_gmt":"2026-04-08T07:43:33","slug":"politica-de-cookies","status":"publish","type":"page","link":"https:\/\/coris.isciii.es\/en\/politica-de-cookies\/","title":{"rendered":"Cookies Policy"},"content":{"rendered":"<p>Esta pol\u00edtica de cookies fue actualizada por \u00faltima vez en julio de 2025 y se aplica a los ciudadanos y residentes legales permanentes del Espacio Econ\u00f3mico Europeo y Suiza.<\/p>\n<ol>\n<li><strong>Cookies Policy<\/strong><\/li>\n<\/ol>\n<p>El sitio web <a href=\"https:\/\/coris.isciii.es\/en\/\">coris.isciii.es<\/a>, titularidad del INSTITUTO DE SALUD CARLOS III, en adelante, el ISCIII, utiliza cookies propias y de terceros, por razones t\u00e9cnicas, de personalizaci\u00f3n y an\u00e1lisis. Al aceptar las cookies podr\u00e1, aceptar expresamente la instalaci\u00f3n de todas las cookies de la web o solamente aquellas t\u00e9cnicas y necesarias para el funcionamiento de la misma.<\/p>\n<ol start=\"2\">\n<li><strong>\u00bf<\/strong><strong>Qu\u00e9<\/strong> <strong>son<\/strong> <strong>las<\/strong> <strong>cookies<\/strong><strong>?<\/strong><\/li>\n<\/ol>\n<p>Una cookie es una peque\u00f1a cantidad de informaci\u00f3n que se descarga a su ordenador o dispositivo cuando visita ciertos sitios web.\u00a0\u00a0Las cookies mejoran su experiencia de navegaci\u00f3n al permitir que el sitio web recuerde sus acciones y preferencias.\u00a0Esto significa que no tiene que volver a cumplimentar esa informaci\u00f3n cada vez que regrese al sitio o navegue de una p\u00e1gina a otra.\u00a0Las cookies tambi\u00e9n proporcionan informaci\u00f3n sobre c\u00f3mo las personas usan el sitio web, por ejemplo, si es la primera vez que lo visitan o si son visitantes frecuentes.<\/p>\n<ol start=\"3\">\n<li><strong>3<\/strong><strong>. \u00bfQu\u00e9 son los scripts?<\/strong><\/li>\n<\/ol>\n<p>Un script es un fragmento de c\u00f3digo de programa que se utiliza para hacer que nuestra web funcione correctamente y de forma interactiva. Este c\u00f3digo se ejecuta en nuestro servidor o en su dispositivo.<\/p>\n<ol start=\"4\">\n<li><strong> \u00bfQu\u00e9 es un web beacon?<\/strong><\/li>\n<\/ol>\n<p>Una baliza web (o una etiqueta de p\u00edxel) es una peque\u00f1a e invisible pieza de texto o imagen en una web que se utiliza para monitorear el tr\u00e1fico en una web. Para ello, se almacenan varios datos sobre usted mediante estas balizas web.<\/p>\n<p><strong>Tipo de cookies<\/strong><\/p>\n<p><strong>Seg\u00fan los distintos tipos de clasificaci\u00f3n:<\/strong><\/p>\n<ol>\n<li>Seg\u00fan quien sea la entidad que gestione el dominio desde donde se env\u00edan las cookies y trate los datos que se obtengan se pueden distinguir dos tipos:<\/li>\n<\/ol>\n<ul>\n<li><strong>Cookies propias<\/strong>: son aquellas que se env\u00edan a tu equipo terminal desde nuestros propios equipos o dominios.<\/li>\n<li><strong>Cookies de terceros<\/strong>: son aquellas que se env\u00edan a tu equipo terminal desde un equipo o dominio de otra entidad colaboradora.<\/li>\n<\/ul>\n<ol start=\"2\">\n<li>Seg\u00fan el plazo de tiempo que permanecen almacenadas en el navegador del cliente, pudiendo tratarse de:<\/li>\n<\/ol>\n<ul>\n<li><strong>Cookies de sesi\u00f3n<\/strong>: aquellas cookies activadas mientras el usuario accede a la p\u00e1gina web o para la prestaci\u00f3n del servicio solicitado.<\/li>\n<li><strong>Cookies persistentes<\/strong>: aquellas cookies almacenadas por un tiempo determinado en el equipo terminal del usuario, para las que el responsable tiene acceso cuando el usuario se conecta a su p\u00e1gina web.<\/li>\n<\/ul>\n<ol start=\"3\">\n<li>Seg\u00fan la finalidad para la que se traten los datos obtenidos:<\/li>\n<\/ol>\n<ul>\n<li><strong>Cookies t\u00e9cnicas<\/strong>: aquellas cookies necesarias para el uso del sitio web y para la prestaci\u00f3n de servicios.<\/li>\n<li><strong>Cookies de personalizaci\u00f3n<\/strong>: aqu\u00e9llas que permiten al usuario acceder al servicio con unas algunas caracter\u00edsticas de car\u00e1cter general predefinidas en funci\u00f3n de una serie de criterios en el terminal del usuario (idioma, tipo de navegador\u2026).<\/li>\n<li><strong>Cookies de an\u00e1lisis<\/strong>: aqu\u00e9llas que permiten el seguimiento y an\u00e1lisis estad\u00edstico del comportamiento del conjunto de los usuarios de los sitios web a los que est\u00e1n vinculadas.<\/li>\n<li><strong>Cookies publicitarias<\/strong>: aqu\u00e9llas que permiten la gesti\u00f3n de los espacios publicitarios en la p\u00e1gina web, aplicaci\u00f3n o plataforma desde la que se presta el servicio solicitado.<\/li>\n<li><strong>Cookies de publicidad comportamental<\/strong>: aqu\u00e9llas que almacenan informaci\u00f3n del comportamiento de los usuarios obtenida a trav\u00e9s de los h\u00e1bitos de navegaci\u00f3n del usuario, lo que permite desarrollar un perfil espec\u00edfico para mostrar publicidad.<\/li>\n<\/ul>\n<p><strong>Cookies utilizadas en nuestro Sitio Web<\/strong><\/p>\n<p>A continuaci\u00f3n, se identifican las cookies que est\u00e1n siendo utilizadas en nuestro sitio web, as\u00ed como su descripci\u00f3n, la duraci\u00f3n de almacenamiento y su titularidad:<\/p>\n<p>&nbsp;<\/p>\n<table width=\"100%\">\n<tbody>\n<tr>\n<td width=\"19%\"><strong>Nombre la cookie <\/strong><\/td>\n<td width=\"31%\"><strong>Finalidad de su uso<\/strong><\/td>\n<td width=\"15%\"><strong>Cookie propia o de tercero<\/strong><\/td>\n<td width=\"15%\"><strong>Plazo conservaci\u00f3n<\/strong><\/td>\n<td width=\"18%\"><strong>Tipo de cookie<\/strong><\/td>\n<\/tr>\n<tr>\n<td width=\"19%\"><strong>cookiesession1<\/strong><\/td>\n<td width=\"31%\">Esta cookie la establece el firewall de Fortinet y se utiliza para proteger el sitio web contra abusos.<\/td>\n<td width=\"15%\">coris.isciii.es<\/td>\n<td width=\"15%\">1 a\u00f1o<\/td>\n<td width=\"18%\">Necesaria<\/td>\n<\/tr>\n<tr>\n<td width=\"19%\"><strong>cookiesession1<\/strong><\/td>\n<td width=\"31%\">Esta cookie la establece el firewall de Fortinet y se utiliza para proteger el sitio web contra abusos.<\/td>\n<td width=\"15%\">analytics.isciii.es<\/td>\n<td width=\"15%\">1 a\u00f1o<\/td>\n<td width=\"18%\">Necesaria<\/td>\n<\/tr>\n<tr>\n<td width=\"19%\"><strong>cookielawinfo-checkbox-necessary<\/strong><\/td>\n<td width=\"31%\">Establecida por el complemento de consentimiento de cookies de GDPR, esta cookie se utiliza para registrar el consentimiento del usuario para las cookies en la categor\u00eda \u00abNecesarias\u00bb.<\/td>\n<td width=\"15%\">coris.isciii.es<\/td>\n<td width=\"15%\">1 a\u00f1o<\/td>\n<td width=\"18%\">Necesaria<\/td>\n<\/tr>\n<tr>\n<td width=\"19%\"><strong>cookielawinfo-checkbox-no-necesarias<\/strong><\/td>\n<td width=\"31%\">Configurado por el complemento GDPR Cookie Consent para almacenar el consentimiento del usuario para las cookies en la categor\u00eda \u00abNo necesarias\u00bb.<\/td>\n<td width=\"15%\">coris.isciii.es<\/td>\n<td width=\"15%\">1 a\u00f1o<\/td>\n<td width=\"18%\">Necesaria<\/td>\n<\/tr>\n<tr>\n<td width=\"19%\"><strong>_pk_id.*<\/strong><\/td>\n<td width=\"31%\">Matomo establece esta cookie para almacenar una identificaci\u00f3n de usuario \u00fanica.<\/td>\n<td width=\"15%\">coris.isciii.es<\/td>\n<td width=\"15%\">1 a\u00f1o 1 mes<\/td>\n<td width=\"18%\">Anal\u00edtica<\/td>\n<\/tr>\n<tr>\n<td width=\"19%\"><strong>_pk_ses.*<\/strong><\/td>\n<td width=\"31%\">Matomo establece esta cookie para almacenar un ID de sesi\u00f3n \u00fanico para recopilar informaci\u00f3n sobre c\u00f3mo los usuarios utilizan el sitio web.<\/td>\n<td width=\"15%\">coris.isciii.es<\/td>\n<td width=\"15%\">1 hora<\/td>\n<td width=\"18%\">Anal\u00edtica<\/td>\n<\/tr>\n<tr>\n<td width=\"19%\"><strong>_GRECAPTCHA<\/strong><\/td>\n<td width=\"31%\">El servicio recaptcha de Google establece esta cookie para identificar bots y proteger el sitio web contra ataques de spam maliciosos<\/td>\n<td width=\"15%\">google.com<\/td>\n<td width=\"15%\">6 meses<\/td>\n<td width=\"18%\">Necesaria<\/td>\n<\/tr>\n<\/tbody>\n<\/table>\n<p>&nbsp;<\/p>\n<p><strong>5.Consentimiento<\/strong><\/p>\n<p>Cuando visites nuestra web por primera vez, te mostraremos una ventana emergente con una explicaci\u00f3n sobre las cookies. Tan pronto como hagas clic en \u00abGuardar preferencias\u00bb, aceptas que usemos las categor\u00edas de cookies y plugins que has seleccionado en la ventana emergente, tal y como se describe en esta pol\u00edtica de cookies. Puedes desactivar el uso de cookies a trav\u00e9s de tu navegador, pero, por favor, ten en cuenta que nuestra web puede dejar de funcionar correctamente.<\/p>\n<ol start=\"6\">\n<li><strong> \u00bfCu\u00e1nto tiempo permanecer\u00e1n las cookies en su ordenador o dispositivo m\u00f3vil?<\/strong><\/li>\n<\/ol>\n<p>El per\u00edodo de tiempo que una cookie permanece en su ordenador o dispositivo m\u00f3vil depende de si es una cookie persistente\u00bb o de \u00absesi\u00f3n\u00bb.\u00a0Las cookies de sesi\u00f3n duran hasta que deja de navegar y las cookies persistentes duran hasta que caduquen o se eliminen.\u00a0La mayor\u00eda de las cookies que utilizamos son persistentes y caducar\u00e1n entre 30 minutos y dos a\u00f1os a partir de la fecha de descarga en su dispositivo.\u00a0Consulte la siguiente secci\u00f3n sobre c\u00f3mo controlar las cookies para obtener m\u00e1s informaci\u00f3n sobre c\u00f3mo eliminarlas antes de que caduquen.<\/p>\n<ol start=\"7\">\n<li><strong> \u00bfC\u00f3mo controlar las cookies?<\/strong><\/li>\n<\/ol>\n<p>Puede controlar y administrar las cookies de varias maneras.\u00a0Tenga en cuenta que eliminar o bloquear las cookies puede afectar negativamente su experiencia de usuario y es posible que algunas partes de nuestro sitio web ya no sean totalmente accesibles.<\/p>\n<p>La mayor\u00eda de los navegadores aceptan autom\u00e1ticamente las cookies, pero puede elegir si acepta o no las cookies a trav\u00e9s de los controles de su navegador, que a menudo se encuentran en el men\u00fa \u00abHerramientas\u00bb o \u00abPreferencias\u00bb de su navegador.\u00a0Para obtener m\u00e1s informaci\u00f3n sobre c\u00f3mo modificar la configuraci\u00f3n de su navegador o c\u00f3mo bloquear, administrar o filtrar cookies, puede encontrarla en el archivo de ayuda de su navegador o en sitios como:\u00a0<a href=\"http:\/\/www.allaboutcookies.org\">www.allaboutcookies.org<\/a>.<\/p>\n<p>Muchos de los servicios de publicidad de terceros y otros servicios de seguimiento mencionados anteriormente le ofrecen la oportunidad de optar por no participar en sus sistemas de seguimiento.\u00a0Puede leer m\u00e1s sobre la informaci\u00f3n que recopilan y c\u00f3mo darse de baja a trav\u00e9s de los enlaces de pol\u00edtica de privacidad mencionados anteriormente.<\/p>","protected":false},"excerpt":{"rendered":"<p>Esta pol\u00edtica de cookies fue actualizada por \u00faltima vez en julio de 2025 y se aplica a los ciudadanos y residentes legales permanentes del Espacio Econ\u00f3mico Europeo y Suiza. Pol\u00edtica de cookies El sitio web coris.isciii.es, titularidad del INSTITUTO DE SALUD CARLOS III, en adelante, el ISCIII, utiliza cookies propias y de terceros, por razones [&hellip;]<\/p>\n","protected":false},"author":1,"featured_media":0,"parent":0,"menu_order":30,"comment_status":"closed","ping_status":"closed","template":"","meta":{"_acf_changed":false,"footnotes":""},"class_list":["post-60","page","type-page","status-publish","hentry"],"acf":[],"yoast_head":"<!-- This site is optimized with the Yoast SEO plugin v27.4 - https:\/\/yoast.com\/product\/yoast-seo-wordpress\/ -->\n<title>Pol\u00edtica de Cookies - CoRIS<\/title>\n<meta name=\"robots\" content=\"index, follow, max-snippet:-1, max-image-preview:large, max-video-preview:-1\" \/>\n<link rel=\"canonical\" href=\"https:\/\/coris.isciii.es\/en\/politica-de-cookies\/\" \/>\n<meta property=\"og:locale\" content=\"en_US\" \/>\n<meta property=\"og:type\" content=\"article\" \/>\n<meta property=\"og:title\" content=\"Pol\u00edtica de Cookies - CoRIS\" \/>\n<meta property=\"og:description\" content=\"Esta pol\u00edtica de cookies fue actualizada por \u00faltima vez en julio de 2025 y se aplica a los ciudadanos y residentes legales permanentes del Espacio Econ\u00f3mico Europeo y Suiza. Pol\u00edtica de cookies El sitio web coris.isciii.es, titularidad del INSTITUTO DE SALUD CARLOS III, en adelante, el ISCIII, utiliza cookies propias y de terceros, por razones [&hellip;]\" \/>\n<meta property=\"og:url\" content=\"https:\/\/coris.isciii.es\/en\/politica-de-cookies\/\" \/>\n<meta property=\"og:site_name\" content=\"CoRIS\" \/>\n<meta property=\"article:modified_time\" content=\"2026-04-08T07:43:33+00:00\" \/>\n<meta name=\"twitter:card\" content=\"summary_large_image\" \/>\n<meta name=\"twitter:label1\" content=\"Est. reading time\" \/>\n\t<meta name=\"twitter:data1\" content=\"6 minutes\" \/>\n<script type=\"application\/ld+json\" class=\"yoast-schema-graph\">{\"@context\":\"https:\\\/\\\/schema.org\",\"@graph\":[{\"@type\":\"WebPage\",\"@id\":\"https:\\\/\\\/coris.isciii.es\\\/politica-de-cookies\\\/\",\"url\":\"https:\\\/\\\/coris.isciii.es\\\/politica-de-cookies\\\/\",\"name\":\"Pol\u00edtica de Cookies - CoRIS\",\"isPartOf\":{\"@id\":\"https:\\\/\\\/coris.isciii.es\\\/#website\"},\"datePublished\":\"2021-03-19T06:48:50+00:00\",\"dateModified\":\"2026-04-08T07:43:33+00:00\",\"breadcrumb\":{\"@id\":\"https:\\\/\\\/coris.isciii.es\\\/politica-de-cookies\\\/#breadcrumb\"},\"inLanguage\":\"en-US\",\"potentialAction\":[{\"@type\":\"ReadAction\",\"target\":[\"https:\\\/\\\/coris.isciii.es\\\/politica-de-cookies\\\/\"]}]},{\"@type\":\"BreadcrumbList\",\"@id\":\"https:\\\/\\\/coris.isciii.es\\\/politica-de-cookies\\\/#breadcrumb\",\"itemListElement\":[{\"@type\":\"ListItem\",\"position\":1,\"name\":\"Portada\",\"item\":\"https:\\\/\\\/coris.isciii.es\\\/\"},{\"@type\":\"ListItem\",\"position\":2,\"name\":\"Pol\u00edtica de Cookies\"}]},{\"@type\":\"WebSite\",\"@id\":\"https:\\\/\\\/coris.isciii.es\\\/#website\",\"url\":\"https:\\\/\\\/coris.isciii.es\\\/\",\"name\":\"CoRIS\",\"description\":\"\",\"potentialAction\":[{\"@type\":\"SearchAction\",\"target\":{\"@type\":\"EntryPoint\",\"urlTemplate\":\"https:\\\/\\\/coris.isciii.es\\\/?s={search_term_string}\"},\"query-input\":{\"@type\":\"PropertyValueSpecification\",\"valueRequired\":true,\"valueName\":\"search_term_string\"}}],\"inLanguage\":\"en-US\"}]}<\/script>\n<!-- \/ Yoast SEO plugin. -->","yoast_head_json":{"title":"Pol\u00edtica de Cookies - CoRIS","robots":{"index":"index","follow":"follow","max-snippet":"max-snippet:-1","max-image-preview":"max-image-preview:large","max-video-preview":"max-video-preview:-1"},"canonical":"https:\/\/coris.isciii.es\/en\/politica-de-cookies\/","og_locale":"en_US","og_type":"article","og_title":"Pol\u00edtica de Cookies - CoRIS","og_description":"Esta pol\u00edtica de cookies fue actualizada por \u00faltima vez en julio de 2025 y se aplica a los ciudadanos y residentes legales permanentes del Espacio Econ\u00f3mico Europeo y Suiza. Pol\u00edtica de cookies El sitio web coris.isciii.es, titularidad del INSTITUTO DE SALUD CARLOS III, en adelante, el ISCIII, utiliza cookies propias y de terceros, por razones [&hellip;]","og_url":"https:\/\/coris.isciii.es\/en\/politica-de-cookies\/","og_site_name":"CoRIS","article_modified_time":"2026-04-08T07:43:33+00:00","twitter_card":"summary_large_image","twitter_misc":{"Est. reading time":"6 minutes"},"schema":{"@context":"https:\/\/schema.org","@graph":[{"@type":"WebPage","@id":"https:\/\/coris.isciii.es\/politica-de-cookies\/","url":"https:\/\/coris.isciii.es\/politica-de-cookies\/","name":"Pol\u00edtica de Cookies - CoRIS","isPartOf":{"@id":"https:\/\/coris.isciii.es\/#website"},"datePublished":"2021-03-19T06:48:50+00:00","dateModified":"2026-04-08T07:43:33+00:00","breadcrumb":{"@id":"https:\/\/coris.isciii.es\/politica-de-cookies\/#breadcrumb"},"inLanguage":"en-US","potentialAction":[{"@type":"ReadAction","target":["https:\/\/coris.isciii.es\/politica-de-cookies\/"]}]},{"@type":"BreadcrumbList","@id":"https:\/\/coris.isciii.es\/politica-de-cookies\/#breadcrumb","itemListElement":[{"@type":"ListItem","position":1,"name":"Portada","item":"https:\/\/coris.isciii.es\/"},{"@type":"ListItem","position":2,"name":"Pol\u00edtica de Cookies"}]},{"@type":"WebSite","@id":"https:\/\/coris.isciii.es\/#website","url":"https:\/\/coris.isciii.es\/","name":"CoRIS","description":"","potentialAction":[{"@type":"SearchAction","target":{"@type":"EntryPoint","urlTemplate":"https:\/\/coris.isciii.es\/?s={search_term_string}"},"query-input":{"@type":"PropertyValueSpecification","valueRequired":true,"valueName":"search_term_string"}}],"inLanguage":"en-US"}]}},"_links":{"self":[{"href":"https:\/\/coris.isciii.es\/en\/wp-json\/wp\/v2\/pages\/60","targetHints":{"allow":["GET"]}}],"collection":[{"href":"https:\/\/coris.isciii.es\/en\/wp-json\/wp\/v2\/pages"}],"about":[{"href":"https:\/\/coris.isciii.es\/en\/wp-json\/wp\/v2\/types\/page"}],"author":[{"embeddable":true,"href":"https:\/\/coris.isciii.es\/en\/wp-json\/wp\/v2\/users\/1"}],"replies":[{"embeddable":true,"href":"https:\/\/coris.isciii.es\/en\/wp-json\/wp\/v2\/comments?post=60"}],"version-history":[{"count":10,"href":"https:\/\/coris.isciii.es\/en\/wp-json\/wp\/v2\/pages\/60\/revisions"}],"predecessor-version":[{"id":3290,"href":"https:\/\/coris.isciii.es\/en\/wp-json\/wp\/v2\/pages\/60\/revisions\/3290"}],"wp:attachment":[{"href":"https:\/\/coris.isciii.es\/en\/wp-json\/wp\/v2\/media?parent=60"}],"curies":[{"name":"wp","href":"https:\/\/api.w.org\/{rel}","templated":true}]}}